{"id":585,"date":"2016-11-30T21:14:18","date_gmt":"2016-11-30T20:14:18","guid":{"rendered":"http:\/\/grafter.com.pl\/viseco\/pl\/?page_id=585\/"},"modified":"2020-12-31T19:35:33","modified_gmt":"2020-12-31T18:35:33","slug":"home-2","status":"publish","type":"page","link":"https:\/\/viseco.pl\/","title":{"rendered":"Home"},"content":{"rendered":"[vc_row css=&#8221;.vc_custom_1480429721642{margin-top: 100px !important;}&#8221;][vc_column width=&#8221;1\/4&#8243;][vc_column_text]<div class=\"icon\">\n\t\t\t\t<a  target=\"_self\" href=\"https:\/\/viseco.pl\/index.php\/produkte\/kunststofffenster\/\">\n                    <img alt=\"Kunststofffenster\" src=\"https:\/\/viseco.pl\/wp-content\/uploads\/2016\/12\/okna_pvc_2.png\" \/>\n                <\/a>\n\t\t\t\t<h3>Kunststofffenster<\/h3>\n\t\t\t\t<p><\/p>\n                <a class=\"more\" target=\"_self\" href=\"https:\/\/viseco.pl\/index.php\/produkte\/kunststofffenster\/\">\n                    <span class=\"icon-link-line\">\n                        <del>\n                            <del class=\"hr-line\"><\/del>\n                            <span><\/span>\n                        <\/del>\n                    <\/span>\n                    <span class=\"icon-link-text\">Mehr<\/span>\n                <\/a> \n\t\t\t<\/div>[\/vc_column_text][\/vc_column][vc_column width=&#8221;1\/4&#8243;][vc_column_text]<div class=\"icon\">\n\t\t\t\t<a  target=\"_self\" href=\"https:\/\/viseco.pl\/index.php\/produkte\/alufenster\/\">\n                    <img alt=\"Alufenster\" src=\"https:\/\/viseco.pl\/wp-content\/uploads\/2016\/12\/okna_alu_2.png\" \/>\n                <\/a>\n\t\t\t\t<h3>Alufenster<\/h3>\n\t\t\t\t<p><\/p>\n                <a class=\"more\" target=\"_self\" href=\"https:\/\/viseco.pl\/index.php\/produkte\/alufenster\/\">\n                    <span class=\"icon-link-line\">\n                        <del>\n                            <del class=\"hr-line\"><\/del>\n                            <span><\/span>\n                        <\/del>\n                    <\/span>\n                    <span class=\"icon-link-text\">Mehr<\/span>\n                <\/a> \n\t\t\t<\/div>[\/vc_column_text][\/vc_column][vc_column width=&#8221;1\/4&#8243;][vc_column_text]<div class=\"icon\">\n\t\t\t\t<a  target=\"_self\" href=\"https:\/\/viseco.pl\/index.php\/produkte\/hausturen\/\">\n                    <img alt=\"Haust\u00fcren\" src=\"https:\/\/viseco.pl\/wp-content\/uploads\/2016\/12\/drzwi_2.png\" \/>\n                <\/a>\n\t\t\t\t<h3>Haust\u00fcren<\/h3>\n\t\t\t\t<p><\/p>\n                <a class=\"more\" target=\"_self\" href=\"https:\/\/viseco.pl\/index.php\/produkte\/hausturen\/\">\n                    <span class=\"icon-link-line\">\n                        <del>\n                            <del class=\"hr-line\"><\/del>\n                            <span><\/span>\n                        <\/del>\n                    <\/span>\n                    <span class=\"icon-link-text\">Mehr<\/span>\n                <\/a> \n\t\t\t<\/div>[\/vc_column_text][\/vc_column][vc_column width=&#8221;1\/4&#8243;][vc_column_text]<div class=\"icon\">\n\t\t\t\t<a  target=\"_self\" href=\"https:\/\/viseco.pl\/index.php\/produkte\/rollladen\/\">\n                    <img alt=\"Rolll\u00e4den\" src=\"https:\/\/viseco.pl\/wp-content\/uploads\/2016\/12\/rolety_2.png\" \/>\n                <\/a>\n\t\t\t\t<h3>Rolll\u00e4den<\/h3>\n\t\t\t\t<p><\/p>\n                <a class=\"more\" target=\"_self\" href=\"https:\/\/viseco.pl\/index.php\/produkte\/rollladen\/\">\n                    <span class=\"icon-link-line\">\n                        <del>\n                            <del class=\"hr-line\"><\/del>\n                            <span><\/span>\n                        <\/del>\n                    <\/span>\n                    <span class=\"icon-link-text\">Mehr<\/span>\n                <\/a> \n\t\t\t<\/div>[\/vc_column_text][\/vc_column][\/vc_row][vc_row css=&#8221;.vc_custom_1480431514532{margin-top: 20px !important;}&#8221;][vc_column width=&#8221;1\/4&#8243;][vc_column_text]<div class=\"icon\">\n\t\t\t\t<a  target=\"_self\" href=\"https:\/\/viseco.pl\/index.php\/produkte\/fassaden-jalousien\/\">\n                    <img alt=\"Fassaden-Jalousien \" src=\"https:\/\/viseco.pl\/wp-content\/uploads\/2016\/12\/zaluzje_2.png\" \/>\n                <\/a>\n\t\t\t\t<h3>Fassaden-Jalousien <\/h3>\n\t\t\t\t<p><\/p>\n                <a class=\"more\" target=\"_self\" href=\"https:\/\/viseco.pl\/index.php\/produkte\/fassaden-jalousien\/\">\n                    <span class=\"icon-link-line\">\n                        <del>\n                            <del class=\"hr-line\"><\/del>\n                            <span><\/span>\n                        <\/del>\n                    <\/span>\n                    <span class=\"icon-link-text\">Mehr<\/span>\n                <\/a> \n\t\t\t<\/div>[\/vc_column_text][\/vc_column][vc_column width=&#8221;1\/4&#8243;][vc_column_text]<div class=\"icon\">\n\t\t\t\t<a  target=\"_self\" href=\"https:\/\/viseco.pl\/index.php\/produkte\/garagentore\/\">\n                    <img alt=\"Garagentore\" src=\"https:\/\/viseco.pl\/wp-content\/uploads\/2016\/12\/bramy_garazowe_2.png\" \/>\n                <\/a>\n\t\t\t\t<h3>Garagentore<\/h3>\n\t\t\t\t<p><\/p>\n                <a class=\"more\" target=\"_self\" href=\"https:\/\/viseco.pl\/index.php\/produkte\/garagentore\/\">\n                    <span class=\"icon-link-line\">\n                        <del>\n                            <del class=\"hr-line\"><\/del>\n                            <span><\/span>\n                        <\/del>\n                    <\/span>\n                    <span class=\"icon-link-text\">Mehr<\/span>\n                <\/a> \n\t\t\t<\/div>[\/vc_column_text][\/vc_column][vc_column width=&#8221;1\/4&#8243;][vc_column_text]<div class=\"icon\">\n\t\t\t\t<a  target=\"_self\" href=\"https:\/\/viseco.pl\/index.php\/produkte\/fensterbanke\/\">\n                    <img alt=\"Fensterb\u00e4nke\" src=\"https:\/\/viseco.pl\/wp-content\/uploads\/2016\/12\/parapety_2.png\" \/>\n                <\/a>\n\t\t\t\t<h3>Fensterb\u00e4nke<\/h3>\n\t\t\t\t<p><\/p>\n                <a class=\"more\" target=\"_self\" href=\"https:\/\/viseco.pl\/index.php\/produkte\/fensterbanke\/\">\n                    <span class=\"icon-link-line\">\n                        <del>\n                            <del class=\"hr-line\"><\/del>\n                            <span><\/span>\n                        <\/del>\n                    <\/span>\n                    <span class=\"icon-link-text\">Mehr<\/span>\n                <\/a> \n\t\t\t<\/div>[\/vc_column_text][\/vc_column][vc_column width=&#8221;1\/4&#8243;][vc_column_text]<div class=\"icon\">\n\t\t\t\t<a  target=\"_self\" href=\"https:\/\/viseco.pl\/index.php\/produkte\/zubehor\/\">\n                    <img alt=\"Zubeh\u00f6r\" src=\"https:\/\/viseco.pl\/wp-content\/uploads\/2016\/12\/dodatki_2.png\" \/>\n                <\/a>\n\t\t\t\t<h3>Zubeh\u00f6r<\/h3>\n\t\t\t\t<p><\/p>\n                <a class=\"more\" target=\"_self\" href=\"https:\/\/viseco.pl\/index.php\/produkte\/zubehor\/\">\n                    <span class=\"icon-link-line\">\n                        <del>\n                            <del class=\"hr-line\"><\/del>\n                            <span><\/span>\n                        <\/del>\n                    <\/span>\n                    <span class=\"icon-link-text\">Mehr<\/span>\n                <\/a> \n\t\t\t<\/div>[\/vc_column_text][\/vc_column][\/vc_row][vc_row css=&#8221;.vc_custom_1480431499504{margin-top: 30px !important;}&#8221;][vc_column][vc_separator color=&#8221;green&#8221;][vc_column_text]Im Jahr 1994 gr\u00fcndete Slawomir Parczewski die PW. BUH. Bauunternehmen in Breslau. Aus ihr ging im Jahr 2016 die mittlerweile VISECO Sp. \u00a0z o. o. \u00a0hervor. Von Beginn an pr\u00e4gte Innovationskraft und Personal Engagement in die Firmengeschichte. Was es bis jetzt z\u00e4hlt als das Prinzip von Anspruch und Qualit\u00e4t. Der pers\u00f6nliche Kontakt zu unseren Kunden sowie die professionelle und langj\u00e4hrige Erfahrung unseres Fachpersonals sind dabei Garant f\u00fcr eine zielsichere Ausf\u00fchrung von Auftr\u00e4ge \u00a0der Lieferung und Montage von Fenster, T\u00fcren, Rolll\u00e4den, Raffstoren und Garagentore.<\/p>\n<p>Dabei bauen wir auf die Transparenz in unserer Vertragsgestaltung. Unsere Kunden haben nicht nur deshalb gro\u00dfes Vertrauen in uns. Alle unsere Mitarbeiter kommen aus der praktischen Bau, wo Jahre lang erfolgreich gearbeitet haben im Service und Wartung Bereich.[\/vc_column_text][vc_separator color=&#8221;green&#8221;][\/vc_column][\/vc_row][vc_row][vc_column]<div class=\"lshowcase-clear-both\">&nbsp;<\/div><div class=\"lshowcase-logos \"><div style='display:none;' class='lshowcase-wrap-carousel-0' ><div class=\"lshowcase-slide lshowcase-horizontal-slide\"><img src='https:\/\/viseco.pl\/wp-content\/uploads\/2017\/01\/Sch\u00fcco-premium-partner.png'  width='200'  height = '81'  alt='Schuco' title='' class='lshowcase-hover-grayscale'  \/><\/div><div class=\"lshowcase-slide lshowcase-horizontal-slide\"><img src='https:\/\/viseco.pl\/wp-content\/uploads\/2017\/01\/salamander_logo.gif'  width='200'  height = '38'  alt='Salamander' title='' class='lshowcase-hover-grayscale'  \/><\/div><div class=\"lshowcase-slide lshowcase-horizontal-slide\"><img src='https:\/\/viseco.pl\/wp-content\/uploads\/2016\/11\/Drutex-1.png'  width='200'  height = '52'  alt='Drutex' title='' class='lshowcase-hover-grayscale'  \/><\/div><div class=\"lshowcase-slide lshowcase-horizontal-slide\"><img src='https:\/\/viseco.pl\/wp-content\/uploads\/2016\/11\/Aluplast.png'  width='200'  height = '92'  alt='Aluplast' title='' class='lshowcase-hover-grayscale'  \/><\/div><div class=\"lshowcase-slide lshowcase-horizontal-slide\"><img src='https:\/\/viseco.pl\/wp-content\/uploads\/2017\/01\/GEALAN_logo.png'  width='200'  height = '51'  alt='Gealan' title='' class='lshowcase-hover-grayscale'  \/><\/div><div class=\"lshowcase-slide lshowcase-horizontal-slide\"><img src='https:\/\/viseco.pl\/wp-content\/uploads\/2017\/01\/veka-logo-100.png'  width='100'  height = '109'  alt='Veka' title='' class='lshowcase-hover-grayscale'  \/><\/div><div class=\"lshowcase-slide lshowcase-horizontal-slide\"><img src='https:\/\/viseco.pl\/wp-content\/uploads\/2017\/01\/aliplast.png'  width='200'  height = '43'  alt='Aliplast' title='' class='lshowcase-hover-grayscale'  \/><\/div><div class=\"lshowcase-slide lshowcase-horizontal-slide\"><img src='https:\/\/viseco.pl\/wp-content\/uploads\/2017\/01\/Blyweert_logo.png'  width='200'  height = '60'  alt='Blyweert' title='' class='lshowcase-hover-grayscale'  \/><\/div><div class=\"lshowcase-slide lshowcase-horizontal-slide\"><img src='https:\/\/viseco.pl\/wp-content\/uploads\/2017\/01\/ponzio_logo.png'  width='200'  height = '52'  alt='Ponzio' title='' class='lshowcase-hover-grayscale'  \/><\/div><div class=\"lshowcase-slide lshowcase-horizontal-slide\"><img src='https:\/\/viseco.pl\/wp-content\/uploads\/2017\/01\/Heroal_logo.png'  width='114'  height = '80'  alt='Heroal' title='' class='lshowcase-hover-grayscale'  \/><\/div><div class=\"lshowcase-slide lshowcase-horizontal-slide\"><img src='https:\/\/viseco.pl\/wp-content\/uploads\/2016\/12\/Aluprof_logo.png'  width='200'  height = '35'  alt='Aluprof' title='' class='lshowcase-hover-grayscale'  \/><\/div><div class=\"lshowcase-slide lshowcase-horizontal-slide\"><img src='https:\/\/viseco.pl\/wp-content\/uploads\/2016\/12\/Be_Clever_logo-1.png'  width='65'  height = '65'  alt='Be Clever' title='' class='lshowcase-hover-grayscale'  \/><\/div><div class=\"lshowcase-slide lshowcase-horizontal-slide\"><img src='https:\/\/viseco.pl\/wp-content\/uploads\/2016\/12\/logo_krispol.png'  width='200'  height = '41'  alt='Krispol' title='' class='lshowcase-hover-grayscale'  \/><\/div><div class=\"lshowcase-slide lshowcase-horizontal-slide\"><img src='https:\/\/viseco.pl\/wp-content\/uploads\/2016\/12\/mobilus_logo.png'  width='180'  height = '50'  alt='Mobilus' title='' class='lshowcase-hover-grayscale'  \/><\/div><div class=\"lshowcase-slide lshowcase-horizontal-slide\"><img src='https:\/\/viseco.pl\/wp-content\/uploads\/2016\/12\/logo_nice.png'  width='125'  height = '50'  alt='Nice' title='' class='lshowcase-hover-grayscale'  \/><\/div><div class=\"lshowcase-slide lshowcase-horizontal-slide\"><img src='https:\/\/viseco.pl\/wp-content\/uploads\/2016\/12\/logo_somfy.png'  width='192'  height = '50'  alt='Somfy' title='' class='lshowcase-hover-grayscale'  \/><\/div><\/div><\/div><div class=\"lshowcase-clear-both\">&nbsp;<\/div>[\/vc_column][\/vc_row]\n","protected":false},"excerpt":{"rendered":"<p>[vc_row css=&#8221;.vc_custom_1480429721642{margin-top: 100px !important;}&#8221;][vc_column width=&#8221;1\/4&#8243;][vc_column_text][\/vc_column_text][\/vc_column][vc_column width=&#8221;1\/4&#8243;][vc_column_text][\/vc_column_text][\/vc_column][vc_column width=&#8221;1\/4&#8243;][vc_column_text][\/vc_column_text][\/vc_column][vc_column width=&#8221;1\/4&#8243;][vc_column_text][\/vc_column_text][\/vc_column][\/vc_row][vc_row css=&#8221;.vc_custom_1480431514532{margin-top: 20px !important;}&#8221;][vc_column width=&#8221;1\/4&#8243;][vc_column_text][\/vc_column_text][\/vc_column][vc_column width=&#8221;1\/4&#8243;][vc_column_text][\/vc_column_text][\/vc_column][vc_column width=&#8221;1\/4&#8243;][vc_column_text][\/vc_column_text][\/vc_column][vc_column width=&#8221;1\/4&#8243;][vc_column_text][\/vc_column_text][\/vc_column][\/vc_row][vc_row css=&#8221;.vc_custom_1480431499504{margin-top: 30px !important;}&#8221;][vc_column][vc_separator color=&#8221;green&#8221;][vc_column_text]Im Jahr 1994 gr\u00fcndete Slawomir Parczewski die PW. BUH. Bauunternehmen in Breslau. Aus ihr ging im Jahr 2016 die mittlerweile VISECO Sp. &hellip; <a href=\"https:\/\/viseco.pl\/index.php\/lshowcase\/somfy\/\">Continue reading <span class=\"meta-nav\">&rarr;<\/span><\/a><\/p>\n","protected":false},"author":2,"featured_media":0,"parent":0,"menu_order":0,"comment_status":"open","ping_status":"open","template":"","meta":[],"_links":{"self":[{"href":"https:\/\/viseco.pl\/index.php\/wp-json\/wp\/v2\/pages\/585"}],"collection":[{"href":"https:\/\/viseco.pl\/index.php\/wp-json\/wp\/v2\/pages"}],"about":[{"href":"https:\/\/viseco.pl\/index.php\/wp-json\/wp\/v2\/types\/page"}],"author":[{"embeddable":true,"href":"https:\/\/viseco.pl\/index.php\/wp-json\/wp\/v2\/users\/2"}],"replies":[{"embeddable":true,"href":"https:\/\/viseco.pl\/index.php\/wp-json\/wp\/v2\/comments?post=585"}],"version-history":[{"count":2,"href":"https:\/\/viseco.pl\/index.php\/wp-json\/wp\/v2\/pages\/585\/revisions"}],"predecessor-version":[{"id":1400,"href":"https:\/\/viseco.pl\/index.php\/wp-json\/wp\/v2\/pages\/585\/revisions\/1400"}],"wp:attachment":[{"href":"https:\/\/viseco.pl\/index.php\/wp-json\/wp\/v2\/media?parent=585"}],"curies":[{"name":"wp","href":"https:\/\/api.w.org\/{rel}","templated":true}]}}